{"id":929,"date":"2024-11-28T14:53:27","date_gmt":"2024-11-28T13:53:27","guid":{"rendered":"https:\/\/uj.fingerprint.hu\/?page_id=929"},"modified":"2025-07-11T14:04:24","modified_gmt":"2025-07-11T12:04:24","slug":"contact-2","status":"publish","type":"page","link":"https:\/\/fingerprint.hu\/en\/contact-2\/","title":{"rendered":"Contact"},"content":{"rendered":"<div data-elementor-type=\"wp-page\" data-elementor-id=\"929\" class=\"elementor elementor-929\" data-elementor-post-type=\"page\">\n\t\t\t\t<div data-dce-background-image-url=\"https:\/\/fingerprint.hu\/wp-content\/uploads\/2024\/11\/hello.png\" class=\"elementor-element elementor-element-d938ae3 e-con-full e-flex e-con e-parent\" data-id=\"d938ae3\" data-element_type=\"container\" data-e-type=\"container\" data-settings=\"{&quot;background_background&quot;:&quot;classic&quot;}\">\n\t\t<div class=\"elementor-element elementor-element-cb3eaec e-flex e-con-boxed e-con e-child\" data-id=\"cb3eaec\" data-element_type=\"container\" data-e-type=\"container\">\n\t\t\t\t\t<div class=\"e-con-inner\">\n\t\t<div class=\"elementor-element elementor-element-865cf76 e-con-full e-flex e-con e-child\" data-id=\"865cf76\" data-element_type=\"container\" data-e-type=\"container\">\n\t\t\t\t<div class=\"elementor-element elementor-element-6bf6780 elementor-widget elementor-widget-text-editor\" data-id=\"6bf6780\" data-element_type=\"widget\" data-e-type=\"widget\" data-widget_type=\"text-editor.default\">\n\t\t\t\t<div class=\"elementor-widget-container\">\n\t\t\t\t\t\t\t\t\t<p><strong>Do you have a creative idea we can work on together?<\/strong><\/p><p>We'd love to hear from you. Feel free to contact us by e-mail or leave us a message using the form below. We would be happy to work with you and implement your ideas!<\/p>\t\t\t\t\t\t\t\t<\/div>\n\t\t\t\t<\/div>\n\t\t\t\t<\/div>\n\t\t<div data-dce-background-image-url=\"https:\/\/fingerprint.hu\/wp-content\/uploads\/2025\/02\/gabi_contact_3.png\" class=\"elementor-element elementor-element-fb7056b e-con-full e-flex e-con e-child\" data-id=\"fb7056b\" data-element_type=\"container\" data-e-type=\"container\" data-settings=\"{&quot;background_background&quot;:&quot;classic&quot;}\">\n\t\t<div class=\"elementor-element elementor-element-fa7f3a9 e-con-full e-flex e-con e-child\" data-id=\"fa7f3a9\" data-element_type=\"container\" data-e-type=\"container\">\n\t\t\t\t<div class=\"elementor-element elementor-element-001fc8d elementor-widget elementor-widget-text-editor\" data-id=\"001fc8d\" data-element_type=\"widget\" data-e-type=\"widget\" data-widget_type=\"text-editor.default\">\n\t\t\t\t<div class=\"elementor-widget-container\">\n\t\t\t\t\t\t\t\t\t<p><strong>G\u00e1bor T\u00e1pai \/ CEO<\/strong><\/p><p><a style=\"font-size: 12px;\" href=\"tel:+36300962323\">+36300962323<\/a><br \/><a style=\"font-size: 11px;\" href=\"mailto:tapai.gabor@fingerprint.hu\">tapai.gabor@fingerprint.hu<\/a><\/p>\t\t\t\t\t\t\t\t<\/div>\n\t\t\t\t<\/div>\n\t\t\t\t<\/div>\n\t\t\t\t<\/div>\n\t\t\t\t\t<\/div>\n\t\t\t\t<\/div>\n\t\t\t\t<\/div>\n\t\t<div data-dce-background-color=\"#FFFFFF\" data-dce-background-image-url=\"http:\/\/uj.fingerprint.hu\/wp-content\/uploads\/2024\/10\/kekpirospaca.png\" class=\"elementor-element elementor-element-90aa1c9 e-flex e-con-boxed e-con e-parent\" data-id=\"90aa1c9\" data-element_type=\"container\" data-e-type=\"container\" data-settings=\"{&quot;background_background&quot;:&quot;classic&quot;}\">\n\t\t\t\t\t<div class=\"e-con-inner\">\n\t\t\t\t<div class=\"elementor-element elementor-element-92c1a86 elementor-widget elementor-widget-heading\" data-id=\"92c1a86\" data-element_type=\"widget\" data-e-type=\"widget\" data-widget_type=\"heading.default\">\n\t\t\t\t<div class=\"elementor-widget-container\">\n\t\t\t\t\t<h2 class=\"elementor-heading-title elementor-size-default\">Required data<\/h2>\t\t\t\t<\/div>\n\t\t\t\t<\/div>\n\t\t\t\t<div class=\"elementor-element elementor-element-f806dd3 elementor-button-align-start elementor-mobile-button-align-center elementor-widget elementor-widget-form\" data-id=\"f806dd3\" data-element_type=\"widget\" data-e-type=\"widget\" data-settings=\"{&quot;button_width&quot;:&quot;25&quot;,&quot;step_next_label&quot;:&quot;K\\u00f6vetkez\\u0151&quot;,&quot;step_previous_label&quot;:&quot;El\\u0151z\\u0151&quot;,&quot;step_type&quot;:&quot;number_text&quot;,&quot;step_icon_shape&quot;:&quot;circle&quot;}\" data-widget_type=\"form.default\">\n\t\t\t\t<div class=\"elementor-widget-container\">\n\t\t\t\t\t\t\t<form class=\"elementor-form\" method=\"post\" name=\"\u00daj \u0171rlap\" aria-label=\"New form\" action=\"\">\n\t\t\t<input type=\"hidden\" name=\"post_id\" value=\"929\"\/>\n\t\t\t<input type=\"hidden\" name=\"form_id\" value=\"f806dd3\"\/>\n\t\t\t<input type=\"hidden\" name=\"referer_title\" value=\"Kapcsolat I Fingerprint Agency\" \/>\n\n\t\t\t\t\t\t\t<input type=\"hidden\" name=\"queried_id\" value=\"929\"\/>\n\t\t\t\n\t\t\t<div class=\"elementor-form-fields-wrapper elementor-labels-above\">\n\t\t\t\t\t\t\t\t<div class=\"elementor-field-type-text elementor-field-group elementor-column elementor-field-group-name elementor-col-50 elementor-field-required elementor-mark-required\">\n\t\t\t\t\t\t\t\t\t\t\t\t<label for=\"form-field-name\" class=\"elementor-field-label\">\n\t\t\t\t\t\t\t\tName\t\t\t\t\t\t\t<\/label>\n\t\t\t\t\t\t\t\t\t\t\t\t\t\t<input size=\"1\" type=\"text\" name=\"form_fields[name]\" id=\"form-field-name\" class=\"elementor-field elementor-size-sm  elementor-field-textual\" required=\"required\">\n\t\t\t\t\t\t\t\t\t\t\t<\/div>\n\t\t\t\t\t\t\t\t<div class=\"elementor-field-type-email elementor-field-group elementor-column elementor-field-group-email elementor-col-50 elementor-field-required elementor-mark-required\">\n\t\t\t\t\t\t\t\t\t\t\t\t<label for=\"form-field-email\" class=\"elementor-field-label\">\n\t\t\t\t\t\t\t\tE-mail address\t\t\t\t\t\t\t<\/label>\n\t\t\t\t\t\t\t\t\t\t\t\t\t\t<input size=\"1\" type=\"email\" name=\"form_fields[email]\" id=\"form-field-email\" class=\"elementor-field elementor-size-sm  elementor-field-textual\" required=\"required\">\n\t\t\t\t\t\t\t\t\t\t\t<\/div>\n\t\t\t\t\t\t\t\t<div class=\"elementor-field-type-text elementor-field-group elementor-column elementor-field-group-field_916853e elementor-col-50\">\n\t\t\t\t\t\t\t\t\t\t\t\t<label for=\"form-field-field_916853e\" class=\"elementor-field-label\">\n\t\t\t\t\t\t\t\tCompany name\t\t\t\t\t\t\t<\/label>\n\t\t\t\t\t\t\t\t\t\t\t\t\t\t<input size=\"1\" type=\"text\" name=\"form_fields[field_916853e]\" id=\"form-field-field_916853e\" class=\"elementor-field elementor-size-sm  elementor-field-textual\">\n\t\t\t\t\t\t\t\t\t\t\t<\/div>\n\t\t\t\t\t\t\t\t<div class=\"elementor-field-type-text elementor-field-group elementor-column elementor-field-group-message elementor-col-50 elementor-field-required elementor-mark-required\">\n\t\t\t\t\t\t\t\t\t\t\t\t<label for=\"form-field-message\" class=\"elementor-field-label\">\n\t\t\t\t\t\t\t\tHow can we help?\t\t\t\t\t\t\t<\/label>\n\t\t\t\t\t\t\t\t\t\t\t\t\t\t<input size=\"1\" type=\"text\" name=\"form_fields[message]\" id=\"form-field-message\" class=\"elementor-field elementor-size-sm  elementor-field-textual\" required=\"required\">\n\t\t\t\t\t\t\t\t\t\t\t<\/div>\n\t\t\t\t\t\t\t\t<div class=\"elementor-field-type-acceptance elementor-field-group elementor-column elementor-field-group-field_5516c92 elementor-col-100 elementor-field-required elementor-mark-required\">\n\t\t\t\t\t\t\t<div class=\"elementor-field-subgroup\">\n\t\t\t<span class=\"elementor-field-option\">\n\t\t\t\t<input type=\"checkbox\" name=\"form_fields[field_5516c92]\" id=\"form-field-field_5516c92\" class=\"elementor-field elementor-size-sm  elementor-acceptance-field\" required=\"required\">\n\t\t\t\t<label for=\"form-field-field_5516c92\">\u00a0I consent to the processing of my data for the purpose of contacting you, I have read and accept the\u00a0<a style=\"color:#2c2c2c; text-decoration:underline\" href=\"https:\/\/fingerprint.hu\/en\/data-management-information\/\">privacy notice.<\/a><\/label>\t\t\t<\/span>\n\t\t<\/div>\n\t\t\t\t\t\t<\/div>\n\t\t\t\t\t\t\t\t<div class=\"elementor-field-group elementor-column elementor-field-type-submit elementor-col-25 e-form__buttons\">\n\t\t\t\t\t<button class=\"elementor-button elementor-size-sm\" type=\"submit\">\n\t\t\t\t\t\t<span class=\"elementor-button-content-wrapper\">\n\t\t\t\t\t\t\t\t\t\t\t\t\t\t\t\t\t\t\t\t\t\t<span class=\"elementor-button-text\">Send a message<\/span>\n\t\t\t\t\t\t\t\t\t\t\t\t\t<\/span>\n\t\t\t\t\t<\/button>\n\t\t\t\t<\/div>\n\t\t\t<\/div>\n\t\t<input type=\"hidden\" name=\"trp-form-language\" value=\"en\"\/><\/form>\n\t\t\t\t\t\t<\/div>\n\t\t\t\t<\/div>\n\t\t\t\t\t<\/div>\n\t\t\t\t<\/div>\n\t\t\t\t<\/div>","protected":false},"excerpt":{"rendered":"<p>Van egy kreat\u00edv \u00f6tleted amin k\u00f6z\u00f6sen dolgozhatunk? Sz\u00edvesen meghallgatn\u00e1nk. Nyugodtan keress meg minket e-mailben, vagy hagyj \u00fczenetet az al\u00e1bbi \u0171rlapon. \u00d6r\u00f6mmel dolgozn\u00e1nk veled, \u00e9s val\u00f3s\u00edtan\u00e1nk meg az \u00f6tleteidet! T\u00e1pai G\u00e1bor \/ CEO +36300962323 tapai.gabor@fingerprint.hu Sz\u00fcks\u00e9ges adatok<\/p>","protected":false},"author":1,"featured_media":0,"parent":0,"menu_order":0,"comment_status":"closed","ping_status":"closed","template":"elementor_header_footer","meta":{"_acf_changed":false,"footnotes":""},"class_list":["post-929","page","type-page","status-publish","hentry"],"acf":[],"yoast_head":"<!-- This site is optimized with the Yoast SEO Premium plugin v26.2 (Yoast SEO v26.9) - https:\/\/yoast.com\/product\/yoast-seo-premium-wordpress\/ -->\n<title>Kapcsolat I Fingerprint Agency<\/title>\n<meta name=\"description\" content=\"Van egy kreat\u00edv \u00f6tleted amin k\u00f6z\u00f6sen dolgozhatunk? Sz\u00edvesen meghallgatn\u00e1nk. Keress meg minket a kapcsolat men\u00fcpont alatt.\" \/>\n<meta name=\"robots\" content=\"index, follow, max-snippet:-1, max-image-preview:large, max-video-preview:-1\" \/>\n<link rel=\"canonical\" href=\"https:\/\/fingerprint.hu\/en\/contact-2\/\" \/>\n<meta property=\"og:locale\" content=\"en_US\" \/>\n<meta property=\"og:type\" content=\"article\" \/>\n<meta property=\"og:title\" content=\"Kapcsolat\" \/>\n<meta property=\"og:description\" content=\"Van egy kreat\u00edv \u00f6tleted amin k\u00f6z\u00f6sen dolgozhatunk? Sz\u00edvesen meghallgatn\u00e1nk. Keress meg minket a kapcsolat men\u00fcpont alatt.\" \/>\n<meta property=\"og:url\" content=\"https:\/\/fingerprint.hu\/en\/contact-2\/\" \/>\n<meta property=\"og:site_name\" content=\"Fingerprint Kft.\" \/>\n<meta property=\"article:modified_time\" content=\"2025-07-11T12:04:24+00:00\" \/>\n<meta name=\"twitter:card\" content=\"summary_large_image\" \/>\n<meta name=\"twitter:label1\" content=\"Est. reading time\" \/>\n\t<meta name=\"twitter:data1\" content=\"1 minute\" \/>\n<script type=\"application\/ld+json\" class=\"yoast-schema-graph\">{\"@context\":\"https:\/\/schema.org\",\"@graph\":[{\"@type\":\"WebPage\",\"@id\":\"https:\/\/fingerprint.hu\/kapcsolat\/\",\"url\":\"https:\/\/fingerprint.hu\/kapcsolat\/\",\"name\":\"Kapcsolat I Fingerprint Agency\",\"isPartOf\":{\"@id\":\"https:\/\/fingerprint.hu\/#website\"},\"datePublished\":\"2024-11-28T13:53:27+00:00\",\"dateModified\":\"2025-07-11T12:04:24+00:00\",\"description\":\"Van egy kreat\u00edv \u00f6tleted amin k\u00f6z\u00f6sen dolgozhatunk? Sz\u00edvesen meghallgatn\u00e1nk. Keress meg minket a kapcsolat men\u00fcpont alatt.\",\"breadcrumb\":{\"@id\":\"https:\/\/fingerprint.hu\/kapcsolat\/#breadcrumb\"},\"inLanguage\":\"en-US\",\"potentialAction\":[{\"@type\":\"ReadAction\",\"target\":[\"https:\/\/fingerprint.hu\/kapcsolat\/\"]}]},{\"@type\":\"BreadcrumbList\",\"@id\":\"https:\/\/fingerprint.hu\/kapcsolat\/#breadcrumb\",\"itemListElement\":[{\"@type\":\"ListItem\",\"position\":1,\"name\":\"Kezd\u0151lap\",\"item\":\"https:\/\/fingerprint.hu\/\"},{\"@type\":\"ListItem\",\"position\":2,\"name\":\"Kapcsolat\"}]},{\"@type\":\"WebSite\",\"@id\":\"https:\/\/fingerprint.hu\/#website\",\"url\":\"https:\/\/fingerprint.hu\/\",\"name\":\"Fingerprint Kft.\",\"description\":\"Your brand, our unique touch\",\"publisher\":{\"@id\":\"https:\/\/fingerprint.hu\/#organization\"},\"potentialAction\":[{\"@type\":\"SearchAction\",\"target\":{\"@type\":\"EntryPoint\",\"urlTemplate\":\"https:\/\/fingerprint.hu\/?s={search_term_string}\"},\"query-input\":{\"@type\":\"PropertyValueSpecification\",\"valueRequired\":true,\"valueName\":\"search_term_string\"}}],\"inLanguage\":\"en-US\"},{\"@type\":\"Organization\",\"@id\":\"https:\/\/fingerprint.hu\/#organization\",\"name\":\"Fingerprint Kft.\",\"url\":\"https:\/\/fingerprint.hu\/\",\"logo\":{\"@type\":\"ImageObject\",\"inLanguage\":\"en-US\",\"@id\":\"https:\/\/fingerprint.hu\/#\/schema\/logo\/image\/\",\"url\":\"https:\/\/fingerprint.hu\/wp-content\/uploads\/2024\/08\/fplogo_white.svg\",\"contentUrl\":\"https:\/\/fingerprint.hu\/wp-content\/uploads\/2024\/08\/fplogo_white.svg\",\"width\":191,\"height\":41,\"caption\":\"Fingerprint Kft.\"},\"image\":{\"@id\":\"https:\/\/fingerprint.hu\/#\/schema\/logo\/image\/\"}}]}<\/script>\n<!-- \/ Yoast SEO Premium plugin. -->","yoast_head_json":{"title":"Contact I Fingerprint Agency","description":"Do you have a creative idea we can work on together? We'd love to hear it. Contact us under contact.","robots":{"index":"index","follow":"follow","max-snippet":"max-snippet:-1","max-image-preview":"max-image-preview:large","max-video-preview":"max-video-preview:-1"},"canonical":"https:\/\/fingerprint.hu\/en\/contact-2\/","og_locale":"en_US","og_type":"article","og_title":"Kapcsolat","og_description":"Van egy kreat\u00edv \u00f6tleted amin k\u00f6z\u00f6sen dolgozhatunk? Sz\u00edvesen meghallgatn\u00e1nk. Keress meg minket a kapcsolat men\u00fcpont alatt.","og_url":"https:\/\/fingerprint.hu\/en\/contact-2\/","og_site_name":"Fingerprint Kft.","article_modified_time":"2025-07-11T12:04:24+00:00","twitter_card":"summary_large_image","twitter_misc":{"Est. reading time":"1 minute"},"schema":{"@context":"https:\/\/schema.org","@graph":[{"@type":"WebPage","@id":"https:\/\/fingerprint.hu\/kapcsolat\/","url":"https:\/\/fingerprint.hu\/kapcsolat\/","name":"Contact I Fingerprint Agency","isPartOf":{"@id":"https:\/\/fingerprint.hu\/#website"},"datePublished":"2024-11-28T13:53:27+00:00","dateModified":"2025-07-11T12:04:24+00:00","description":"Do you have a creative idea we can work on together? We'd love to hear it. Contact us under contact.","breadcrumb":{"@id":"https:\/\/fingerprint.hu\/kapcsolat\/#breadcrumb"},"inLanguage":"en-US","potentialAction":[{"@type":"ReadAction","target":["https:\/\/fingerprint.hu\/kapcsolat\/"]}]},{"@type":"BreadcrumbList","@id":"https:\/\/fingerprint.hu\/kapcsolat\/#breadcrumb","itemListElement":[{"@type":"ListItem","position":1,"name":"Kezd\u0151lap","item":"https:\/\/fingerprint.hu\/"},{"@type":"ListItem","position":2,"name":"Kapcsolat"}]},{"@type":"WebSite","@id":"https:\/\/fingerprint.hu\/#website","url":"https:\/\/fingerprint.hu\/","name":"Fingerprint Ltd.","description":"Your brand, our unique touch","publisher":{"@id":"https:\/\/fingerprint.hu\/#organization"},"potentialAction":[{"@type":"SearchAction","target":{"@type":"EntryPoint","urlTemplate":"https:\/\/fingerprint.hu\/?s={search_term_string}"},"query-input":{"@type":"PropertyValueSpecification","valueRequired":true,"valueName":"search_term_string"}}],"inLanguage":"en-US"},{"@type":"Organization","@id":"https:\/\/fingerprint.hu\/#organization","name":"Fingerprint Ltd.","url":"https:\/\/fingerprint.hu\/","logo":{"@type":"ImageObject","inLanguage":"en-US","@id":"https:\/\/fingerprint.hu\/#\/schema\/logo\/image\/","url":"https:\/\/fingerprint.hu\/wp-content\/uploads\/2024\/08\/fplogo_white.svg","contentUrl":"https:\/\/fingerprint.hu\/wp-content\/uploads\/2024\/08\/fplogo_white.svg","width":191,"height":41,"caption":"Fingerprint Kft."},"image":{"@id":"https:\/\/fingerprint.hu\/#\/schema\/logo\/image\/"}}]}},"_links":{"self":[{"href":"https:\/\/fingerprint.hu\/en\/wp-json\/wp\/v2\/pages\/929","targetHints":{"allow":["GET"]}}],"collection":[{"href":"https:\/\/fingerprint.hu\/en\/wp-json\/wp\/v2\/pages"}],"about":[{"href":"https:\/\/fingerprint.hu\/en\/wp-json\/wp\/v2\/types\/page"}],"author":[{"embeddable":true,"href":"https:\/\/fingerprint.hu\/en\/wp-json\/wp\/v2\/users\/1"}],"replies":[{"embeddable":true,"href":"https:\/\/fingerprint.hu\/en\/wp-json\/wp\/v2\/comments?post=929"}],"version-history":[{"count":133,"href":"https:\/\/fingerprint.hu\/en\/wp-json\/wp\/v2\/pages\/929\/revisions"}],"predecessor-version":[{"id":4349,"href":"https:\/\/fingerprint.hu\/en\/wp-json\/wp\/v2\/pages\/929\/revisions\/4349"}],"wp:attachment":[{"href":"https:\/\/fingerprint.hu\/en\/wp-json\/wp\/v2\/media?parent=929"}],"curies":[{"name":"wp","href":"https:\/\/api.w.org\/{rel}","templated":true}]}}